{"id":407,"date":"2025-05-18T11:18:19","date_gmt":"2025-05-18T09:18:19","guid":{"rendered":"https:\/\/wp.marcocolla.it\/?page_id=407"},"modified":"2025-05-18T11:18:19","modified_gmt":"2025-05-18T09:18:19","slug":"alcune-evidenze-scientifiche-inn-agopuntura-tradizionale-cinese","status":"publish","type":"page","link":"https:\/\/wp.marcocolla.it\/?page_id=407","title":{"rendered":"Alcune evidenze scientifiche inn Agopuntura Tradizionale Cinese"},"content":{"rendered":"\n<h2 class=\"wp-block-heading\"><strong>Principali aree di efficacia dell&#8217;agopuntura<\/strong><\/h2>\n\n\n\n<h3 class=\"wp-block-heading\"><strong>1. Dolore muscoloscheletrico<\/strong><\/h3>\n\n\n\n<ul class=\"wp-block-list\">\n<li><strong>Mal di schiena cronico<\/strong>: Una meta-analisi ha evidenziato che l&#8217;agopuntura \u00e8 pi\u00f9 efficace rispetto al trattamento convenzionale nel ridurre il dolore e migliorare la funzionalit\u00e0 nei pazienti con dolore lombare non specifico. <a href=\"https:\/\/pubmed.ncbi.nlm.nih.gov\/38638928\/?utm_source=chatgpt.com\"><u>PubMed+1Frontiers+1<\/u><\/a><\/li>\n\n\n\n<li><strong>Artrite reumatoide<\/strong>: Uno studio ha mostrato che l&#8217;agopuntura pu\u00f2 ridurre i sintomi e migliorare la qualit\u00e0 della vita nei pazienti con artrite reumatoide. <a href=\"https:\/\/onlinelibrary.wiley.com\/doi\/full\/10.1155\/2022\/5264977?utm_source=chatgpt.com\"><u>Wiley Online Library<\/u><\/a><\/li>\n\n\n\n<li><strong>Dolore muscoloscheletrico<\/strong>: Una revisione sistematica ha confermato che l&#8217;agopuntura offre un sollievo moderato dal dolore e un miglioramento significativo della disabilit\u00e0 in diverse condizioni muscoloscheletriche.<\/li>\n<\/ul>\n\n\n\n<h3 class=\"wp-block-heading\"><strong>2. Disturbi psichiatrici<\/strong><\/h3>\n\n\n\n<ul class=\"wp-block-list\">\n<li><strong>Depressione<\/strong>: Una revisione sistematica ha evidenziato che l&#8217;agopuntura, in particolare l&#8217;elettroagopuntura combinata con antidepressivi, pu\u00f2 essere efficace nel trattamento della depressione. <a href=\"https:\/\/www.ncbi.nlm.nih.gov\/pmc\/articles\/PMC10108109\/?utm_source=chatgpt.com\"><u>NCBI<\/u><\/a><\/li>\n\n\n\n<li><strong>Depressione post-ictus<\/strong>: Un&#8217;analisi ha mostrato che l&#8217;agopuntura combinata con farmaci antidepressivi migliora significativamente i sintomi depressivi nei pazienti post-ictus.<\/li>\n<\/ul>\n\n\n\n<h3 class=\"wp-block-heading\"><strong>3. Riabilitazione post-ictus<\/strong><\/h3>\n\n\n\n<ul class=\"wp-block-list\">\n<li><strong>Ictus ischemico<\/strong>: Una meta-analisi ha suggerito che l&#8217;agopuntura pu\u00f2 migliorare le funzioni neurologiche e la qualit\u00e0 della vita nei pazienti con ictus ischemico, sebbene siano necessari ulteriori studi di alta qualit\u00e0. <a href=\"https:\/\/pmc.ncbi.nlm.nih.gov\/articles\/PMC4250085\/?utm_source=chatgpt.com\"><u>PMC<\/u><\/a><\/li>\n<\/ul>\n\n\n\n<h3 class=\"wp-block-heading\"><strong>4. Dolore cronico<\/strong><\/h3>\n\n\n\n<ul class=\"wp-block-list\">\n<li><strong>Dolore cronico<\/strong>: Un&#8217;analisi su dati di pazienti ha trovato che l&#8217;agopuntura offre un miglioramento significativo del dolore rispetto al trattamento convenzionale, con un effetto clinicamente rilevante. <a href=\"https:\/\/pmc.ncbi.nlm.nih.gov\/articles\/PMC3658605\/?utm_source=chatgpt.com\"><u>PMC<\/u><\/a><\/li>\n<\/ul>\n\n\n\n<p><\/p>\n","protected":false},"excerpt":{"rendered":"<p>Principali aree di efficacia dell&#8217;agopuntura 1. Dolore muscoloscheletrico 2. Disturbi psichiatrici 3. Riabilitazione [&hellip;]<\/p>\n","protected":false},"author":1,"featured_media":0,"parent":0,"menu_order":0,"comment_status":"closed","ping_status":"closed","template":"","meta":{"footnotes":""},"class_list":["post-407","page","type-page","status-publish","hentry"],"_links":{"self":[{"href":"https:\/\/wp.marcocolla.it\/index.php?rest_route=\/wp\/v2\/pages\/407","targetHints":{"allow":["GET"]}}],"collection":[{"href":"https:\/\/wp.marcocolla.it\/index.php?rest_route=\/wp\/v2\/pages"}],"about":[{"href":"https:\/\/wp.marcocolla.it\/index.php?rest_route=\/wp\/v2\/types\/page"}],"author":[{"embeddable":true,"href":"https:\/\/wp.marcocolla.it\/index.php?rest_route=\/wp\/v2\/users\/1"}],"replies":[{"embeddable":true,"href":"https:\/\/wp.marcocolla.it\/index.php?rest_route=%2Fwp%2Fv2%2Fcomments&post=407"}],"version-history":[{"count":1,"href":"https:\/\/wp.marcocolla.it\/index.php?rest_route=\/wp\/v2\/pages\/407\/revisions"}],"predecessor-version":[{"id":408,"href":"https:\/\/wp.marcocolla.it\/index.php?rest_route=\/wp\/v2\/pages\/407\/revisions\/408"}],"wp:attachment":[{"href":"https:\/\/wp.marcocolla.it\/index.php?rest_route=%2Fwp%2Fv2%2Fmedia&parent=407"}],"curies":[{"name":"wp","href":"https:\/\/api.w.org\/{rel}","templated":true}]}}