{"id":345,"date":"2024-07-03T11:00:24","date_gmt":"2024-07-03T09:00:24","guid":{"rendered":"https:\/\/wp.marcocolla.it\/?page_id=345"},"modified":"2025-12-07T18:07:06","modified_gmt":"2025-12-07T17:07:06","slug":"indicazioni-per-la-cura","status":"publish","type":"page","link":"https:\/\/wp.marcocolla.it\/?page_id=345","title":{"rendered":"Indicazioni per la cura"},"content":{"rendered":"<div data-colibri-id=\"345-c1\" class=\"style-830 style-local-345-c1 position-relative\">\n  <!---->\n  <div data-colibri-component=\"section\" data-colibri-id=\"345-c2\" id=\"initial-content\" class=\"h-section h-section-global-spacing d-flex align-items-lg-center align-items-md-center align-items-center style-831 style-local-345-c2 position-relative\">\n    <!---->\n    <!---->\n    <div class=\"h-section-grid-container h-section-boxed-container\">\n      <!---->\n      <div data-colibri-id=\"345-c6\" class=\"h-row-container gutters-row-lg-2 gutters-row-md-2 gutters-row-0 gutters-row-v-lg-2 gutters-row-v-md-2 gutters-row-v-2 style-835 style-local-345-c6 position-relative\">\n        <!---->\n        <div class=\"h-row justify-content-lg-center justify-content-md-center justify-content-center align-items-lg-stretch align-items-md-stretch align-items-stretch gutters-col-lg-2 gutters-col-md-2 gutters-col-0 gutters-col-v-lg-2 gutters-col-v-md-2 gutters-col-v-2\">\n          <!---->\n          <div class=\"h-column h-column-container d-flex h-col-lg-auto h-col-md-auto h-col-auto style-836-outer style-local-345-c7-outer\">\n            <div data-colibri-id=\"345-c7\" class=\"d-flex h-flex-basis h-column__inner h-px-lg-2 h-px-md-2 h-px-2 v-inner-lg-2 v-inner-md-2 v-inner-2 style-836 style-local-345-c7 position-relative\">\n              <!---->\n              <!---->\n              <div class=\"w-100 h-y-container h-column__content h-column__v-align flex-basis-100 align-self-lg-start align-self-md-start align-self-start\">\n                <!---->\n                <div data-colibri-id=\"345-c8\" class=\"h-global-transition-all h-heading style-837 style-local-345-c8 position-relative h-element\">\n                  <!---->\n                  <div class=\"h-heading__outer style-837 style-local-345-c8\">\n                    <!---->\n                    <!---->\n                    <h3 class=\"\">Indicazioni per la cura<\/h3>\n                  <\/div>\n                <\/div>\n              <\/div>\n            <\/div>\n          <\/div>\n        <\/div>\n      <\/div>\n      <div data-colibri-id=\"345-c9\" class=\"h-row-container gutters-row-lg-2 gutters-row-md-2 gutters-row-0 gutters-row-v-lg-2 gutters-row-v-md-2 gutters-row-v-2 style-838 style-local-345-c9 position-relative\">\n        <!---->\n        <div class=\"h-row justify-content-lg-center justify-content-md-center justify-content-center align-items-lg-stretch align-items-md-stretch align-items-stretch gutters-col-lg-2 gutters-col-md-2 gutters-col-0 gutters-col-v-lg-2 gutters-col-v-md-2 gutters-col-v-2\">\n          <!---->\n          <div class=\"h-column h-column-container d-flex h-col-lg-auto h-col-md-auto h-col-auto style-839-outer style-local-345-c10-outer\">\n            <div data-colibri-id=\"345-c10\" class=\"d-flex h-flex-basis h-column__inner h-px-lg-2 h-px-md-2 h-px-2 v-inner-lg-2 v-inner-md-2 v-inner-2 style-839 style-local-345-c10 position-relative\">\n              <!---->\n              <!---->\n              <div class=\"w-100 h-y-container h-column__content h-column__v-align flex-basis-100 align-self-lg-start align-self-md-start align-self-start\">\n                <!---->\n                <div data-colibri-id=\"345-c11\" class=\"h-text h-text-component style-840 style-local-345-c11 position-relative h-element\">\n                  <!---->\n                  <!---->\n                  <div class=\"\">\n                    <p><span style=\"font-family: Arial; font-size: 14pt; color: rgb(0, 0, 0);\">La peculiarit\u00e0 del trattamento omeopatico presenta delle regole, qui elencate, che vanno seguite per non incorrere in errori che potrebbero inficiare il risultato terapeutico.<\/span><\/p>\n                    <p><strong style=\"font-family: Arial; font-size: 14pt; color: rgb(0, 0, 0);\">PROSEGUIMENTO CURA:&nbsp;<\/strong><span style=\"font-family: Arial; font-size: 14pt; color: rgb(0, 0, 0);\">non bisogna mai ripetere la prescrizione ma solitamente occorre aumentare la potenza del rimedio ogni volta che la confezione finisce. Quindi per un corretto proseguo del trattamento occorre che io sia informato (vedi Reperibilit\u00e0) degli eventuali cambiamenti per consigliare la potenza successiva della prescrizione.<\/span><\/p>\n                    <p><strong style=\"font-family: Arial; font-size: 14pt; color: rgb(0, 0, 0);\">CONTATTO TELEFONICO O PER E-MAIL:&nbsp;<\/strong><span style=\"font-family: Arial; font-size: 14pt; color: rgb(0, 0, 0);\">si consiglia di avvisare subito in caso di modificazioni della sintomatologia o di comparsa di sintomi acuti o di nuovi disturbi. Per la modalit\u00e0 del contatto&nbsp;<\/span>\n                      <a\n                        href=\"https:\/\/wp.marcocolla.it\/wp-admin\/post.php?post=326&amp;action=edit\" style=\"font-family: Arial; font-size: 14pt; color: rgb(0, 0, 0);\" class=\"customize-unpreviewable\">vedi la pagina Reperibilit\u00e0.<\/a>\n                    <\/p>\n                    <p><strong style=\"font-family: Arial; font-size: 14pt; color: rgb(0, 0, 0);\">DENTIFRICIO:<\/strong><span style=\"font-family: Arial; font-size: 14pt; color: rgb(0, 0, 0);\">&nbsp;\u00e8 possibile continuare ad utilizzare i dentifrici a base di menta avendo semplicemente l\u2019accortezza di non lavarsi i denti PRIMA di assumere il rimedio. Questo perch\u00e8 \u00e8 controindicata la assunzione del rimedio avendo in bocca il gusto di menta. \u00c8 possibile utilizzare dentifrici privi di menta ( quelli per i bambini ad esempio).<\/span><\/p>\n                    <p><strong style=\"font-family: Arial; font-size: 14pt; color: rgb(0, 0, 0);\">COME ASSUMERE LE GOCCE:Le gocce vanno assunte direttamente in bocca o con poca acqua in un bicchiere (versare poca acqua in un bicchiere di plastica che verr\u00e0 utilizzato esclusivamente per la cura in atto e cambiato ogni volta che si cambia il contenitore) dopo aver dinamizzato il contenitore<\/strong><\/p>\n                  <\/div>\n                <\/div>\n              <\/div>\n            <\/div>\n          <\/div>\n        <\/div>\n      <\/div>\n    <\/div>\n  <\/div>\n<\/div>","protected":false},"excerpt":{"rendered":"<p>Indicazioni per la cura La peculiarit\u00e0 del trattamento omeopatico presenta delle regole, qui [&hellip;]<\/p>\n","protected":false},"author":1,"featured_media":0,"parent":0,"menu_order":0,"comment_status":"closed","ping_status":"closed","template":"page-templates\/full-width-page.php","meta":{"footnotes":""},"class_list":["post-345","page","type-page","status-publish","hentry"],"_links":{"self":[{"href":"https:\/\/wp.marcocolla.it\/index.php?rest_route=\/wp\/v2\/pages\/345","targetHints":{"allow":["GET"]}}],"collection":[{"href":"https:\/\/wp.marcocolla.it\/index.php?rest_route=\/wp\/v2\/pages"}],"about":[{"href":"https:\/\/wp.marcocolla.it\/index.php?rest_route=\/wp\/v2\/types\/page"}],"author":[{"embeddable":true,"href":"https:\/\/wp.marcocolla.it\/index.php?rest_route=\/wp\/v2\/users\/1"}],"replies":[{"embeddable":true,"href":"https:\/\/wp.marcocolla.it\/index.php?rest_route=%2Fwp%2Fv2%2Fcomments&post=345"}],"version-history":[{"count":8,"href":"https:\/\/wp.marcocolla.it\/index.php?rest_route=\/wp\/v2\/pages\/345\/revisions"}],"predecessor-version":[{"id":2883,"href":"https:\/\/wp.marcocolla.it\/index.php?rest_route=\/wp\/v2\/pages\/345\/revisions\/2883"}],"wp:attachment":[{"href":"https:\/\/wp.marcocolla.it\/index.php?rest_route=%2Fwp%2Fv2%2Fmedia&parent=345"}],"curies":[{"name":"wp","href":"https:\/\/api.w.org\/{rel}","templated":true}]}}